{"id":1389,"date":"2021-04-14T09:00:50","date_gmt":"2021-04-14T09:00:50","guid":{"rendered":"https:\/\/asterioninspection.com\/?page_id=1389"},"modified":"2022-10-12T13:01:34","modified_gmt":"2022-10-12T13:01:34","slug":"fda","status":"publish","type":"page","link":"https:\/\/asterioninspection.com\/en\/fda\/","title":{"rendered":"FDA"},"content":{"rendered":"<!--themify_builder_content-->\n<div id=\"themify_builder_content-1389\" data-postid=\"1389\" class=\"themify_builder_content themify_builder_content-1389 themify_builder tf_clear\">\n                    <div  data-css_id=\"zx40540\" data-lazy=\"1\" class=\"module_row themify_builder_row fullwidth tb_zx40540 tb_first tf_w\">\n                        <div class=\"row_inner col_align_top tb_col_count_1 tf_box tf_rel\">\n                        <div  data-lazy=\"1\" class=\"module_column tb-column col-full tb_kme7541 first\">\n                            <div  data-lazy=\"1\" class=\"module_subrow themify_builder_sub_row tf_w col_align_top tb_col_count_1 tb_5r5h542\">\n                <div  data-lazy=\"1\" class=\"module_column sub_column col-full tb_swz7542 first\">\n                    <!-- module fancy heading -->\n<div  class=\"module module-fancy-heading tb_0nuc543  tb_hide_divider\" data-lazy=\"1\">\n        <h1 class=\"fancy-heading tf_textc\">\n    <span class=\"main-head tf_block\">\n                    What is the FDA?\u00a0            <\/span>\n\n    \n    <span class=\"sub-head tf_block tf_rel\">\n                                <\/span>\n    <\/h1>\n<\/div>\n<!-- \/module fancy heading -->\n        <\/div>\n                    <\/div>\n                <\/div>\n                        <\/div>\n        <\/div>\n                        <div  data-lazy=\"1\" class=\"module_row themify_builder_row tb_xbnr540 tf_w\">\n                        <div class=\"row_inner col_align_top tb_col_count_1 tf_box tf_rel\">\n                        <div  data-lazy=\"1\" class=\"module_column tb-column col-full tb_wedk544 first\">\n                            <div  data-lazy=\"1\" class=\"module_subrow themify_builder_sub_row tf_w col_align_top tb_col_count_1 tb_flzr544\">\n                <div  data-lazy=\"1\" class=\"module_column sub_column col-full tb_ydsh545 first\">\n                    <!-- module text -->\n<div  class=\"module module-text tb_m6lf545   \" data-lazy=\"1\">\n        <div  class=\"tb_text_wrap\">\n        <h3>WHAT IS THE FDA?\u00a0<\/h3>\n<p>FDA is the U.S. Government agency responsible for dietary supplements, food, drugs, blood products, biological medical products, radiation-emitting devices, medical devices, cosmetics, and veterinary equipment. The abbreviation FDA stands for \u201cU.S. Food and Drug Administration\u201d and its Turkish equivalent can be translated as \u201cAmerikan G\u0131da ve \u0130la\u00e7 Dairesi\u201d. It is an institution that is included in the U.S. Department of Health and Human Services and laid its foundation in 1862. It is also an organization that analyzes and certifies the products with its nearly 10 thousand personnel.<\/p>\n<p><strong>FDA Regulations and Its Scope<\/strong><\/p>\n<p>The FDA is one of the largest authorities in the food and pharmaceutical industry, not only in the USA but also worldwide. Its studies, research results, standards, and regulations are accepted and taken as references all over the world. In this context, we can say that the scope of the subjects it has authority on is very wide. The FDA&#8217;s responsibilities are closely related to those of many other government agencies. Below is a list of traditionally recognized product categories that fall under the FDA&#8217;s power to regulate:<span style=\"background-color: initial; font-size: 1em;\">\u00a0\u00a0<\/span><\/p>\n<div><span style=\"background-color: initial; font-size: 1em;\">o\u00a0 \u00a0 Foods<\/span><\/div>\n<div>o\u00a0 \u00a0 Food Additives<span style=\"background-color: initial; font-size: 1em;\"><br><\/span><\/div>\n<div>o\u00a0 \u00a0 Bottled Waters<\/div>\n<div>o\u00a0 \u00a0 Dietary Supplements<br>o\u00a0 \u00a0 Infant Foods<br>o\u00a0 \u00a0 Other Food Products (Although the U.S. Ministry of Agriculture takes a leading part in regulating some meat, poultry, and egg products, the FDA is also working on these products.)<br>o\u00a0 \u00a0 Drugs<br>o\u00a0 \u00a0 Prescription Drugs<br>o\u00a0 \u00a0 Non-Prescription Drugs<br>o\u00a0 \u00a0 Biological Products<br>o\u00a0 \u00a0 Blood &amp; Blood Products<br>o\u00a0 \u00a0 Tissue &amp; Tissue Products<br>o\u00a0 \u00a0 Vaccination for People<br>o\u00a0 \u00a0 Allergens<br>o\u00a0 \u00a0 Cellular &amp; Gene Therapy Products<br>o\u00a0 \u00a0Medical Devices\n<div>o\u00a0 \u00a0 Basic Products like Tongue Depressor and Potty<br>o\u00a0 \u00a0 Products with Complex Technology Such as Pacemakers<br>o\u00a0 \u00a0 Devices used in Dental Treatment<br>o\u00a0 \u00a0 Surgical Implant &amp; Prothese<br>o\u00a0 \u00a0 Radiation-Emitting Electronice Products<br>o\u00a0 \u00a0Microwave Ovens\n<div>o\u00a0 \u00a0X-Ray Units<br>o\u00a0 \u00a0 Laser Products<br>o\u00a0 \u00a0 Ultrasonotherapy Equipments<br>o\u00a0 \u00a0 Mercury Vapor Lamp<br>o\u00a0 \u00a0 Daylight Lamps<br>o\u00a0 \u00a0Cosmetic Products<\/div>\n<div>o\u00a0 \u00a0 Color Additives in Make-Up and Other Personal Care Products<br>o\u00a0 \u00a0 Skin Moisturizers &amp; Cleansers<br>o\u00a0 \u00a0Perfumes &amp; Nail Polishes\n<div>o\u00a0 \u00a0 Veterinary Products<br>o\u00a0 \u00a0 Pet Foods<br>o\u00a0 \u00a0 Animal Feeds<br>o\u00a0 \u00a0 Veterinary Medicines and Devices<br>o\u00a0 \u00a0 Tobacco Products<br>o\u00a0 \u00a0Cigarettes<\/div>\n<div>o\u00a0 \u00a0 Smokless Tobacco Products<br>o\u00a0 \u00a0 Tobaccos<br>o\u00a0 \u00a0 Hand-Rolled Cigarettes\n<div>\u00a0<\/div>\n<\/div>\n<\/div>\n<\/div>\n<\/div>    <\/div>\n<\/div>\n<!-- \/module text --><!-- module text -->\n<div  class=\"module module-text tb_cqmh356   \" data-lazy=\"1\">\n        <div  class=\"tb_text_wrap\">\n        <figure class=\"wp-caption alignnone\" style=\"width: 645px;\"><img loading=\"lazy\" decoding=\"async\" src=\"https:\/\/asterioninspection.com\/wp-content\/uploads\/2021\/06\/fda496532228.jpg\" alt=\"FDA Nedir\" width=\"645\" height=\"363\">\n<figcaption class=\"wp-caption-text\"><\/figcaption>\n<\/figure>    <\/div>\n<\/div>\n<!-- \/module text -->        <\/div>\n                    <\/div>\n                <\/div>\n                        <\/div>\n        <\/div>\n        <\/div>\n<!--\/themify_builder_content-->","protected":false},"excerpt":{"rendered":"<p>What is the FDA?\u00a0 WHAT IS THE FDA?\u00a0 FDA is the U.S. Government agency responsible for dietary supplements, food, drugs, blood products, biological medical products, radiation-emitting devices, medical devices, cosmetics, and veterinary equipment. The abbreviation FDA stands for \u201cU.S. Food and Drug Administration\u201d and its Turkish equivalent can be translated as \u201cAmerikan G\u0131da ve \u0130la\u00e7 [&hellip;]<\/p>\n","protected":false},"author":1,"featured_media":0,"parent":0,"menu_order":0,"comment_status":"closed","ping_status":"closed","template":"","meta":{"ngg_post_thumbnail":0,"footnotes":""},"class_list":["post-1389","page","type-page","status-publish","hentry","has-post-title","has-post-date","has-post-category","has-post-tag","has-post-comment","has-post-author",""],"_links":{"self":[{"href":"https:\/\/asterioninspection.com\/en\/wp-json\/wp\/v2\/pages\/1389","targetHints":{"allow":["GET"]}}],"collection":[{"href":"https:\/\/asterioninspection.com\/en\/wp-json\/wp\/v2\/pages"}],"about":[{"href":"https:\/\/asterioninspection.com\/en\/wp-json\/wp\/v2\/types\/page"}],"author":[{"embeddable":true,"href":"https:\/\/asterioninspection.com\/en\/wp-json\/wp\/v2\/users\/1"}],"replies":[{"embeddable":true,"href":"https:\/\/asterioninspection.com\/en\/wp-json\/wp\/v2\/comments?post=1389"}],"version-history":[{"count":9,"href":"https:\/\/asterioninspection.com\/en\/wp-json\/wp\/v2\/pages\/1389\/revisions"}],"predecessor-version":[{"id":1650,"href":"https:\/\/asterioninspection.com\/en\/wp-json\/wp\/v2\/pages\/1389\/revisions\/1650"}],"wp:attachment":[{"href":"https:\/\/asterioninspection.com\/en\/wp-json\/wp\/v2\/media?parent=1389"}],"curies":[{"name":"wp","href":"https:\/\/api.w.org\/{rel}","templated":true}]}}